{"id":51,"date":"2014-07-14T18:19:12","date_gmt":"2014-07-14T18:19:12","guid":{"rendered":"http:\/\/www.lommerstuinbouwmachines.com\/?page_id=51"},"modified":"2017-01-31T13:44:36","modified_gmt":"2017-01-31T13:44:36","slug":"ingaasmachines","status":"publish","type":"page","link":"https:\/\/www.lommerstuinbouwmachines.com\/en\/ingaasmachines\/","title":{"rendered":"Netting Machine"},"content":{"rendered":"<p><\/p>\n<h1>Netting Machine\u00a0 \u00a0 \u00a0\u00a0<a href=\"https:\/\/www.lommerstuinbouwmachines.com\/nl\/ingaasmachines\/\"><img decoding=\"async\" class=\"alignright\" src=\"https:\/\/www.lommerstuinbouwmachines.com\/wp-content\/plugins\/qtranslate-x\/flags\/nl.png\" alt=\"Nederlands\" \/><\/a>\u00a0\u00a0<a href=\"https:\/\/www.lommerstuinbouwmachines.com\/de\/ingaasmachines\/\"><img decoding=\"async\" class=\"alignright\" src=\"https:\/\/www.lommerstuinbouwmachines.com\/wp-content\/plugins\/qtranslate-x\/flags\/de.png\" alt=\"Deutsch\" \/><\/a><\/h1>\n<p>The netting machine is suitable for netting clods.\u00a0This machine is hydraulically or electrical powered.\u00a0The baskets are available in size \u00d820, \u00d825, \u00d830, \u00d835, \u00d840, \u00d845.<\/p>\n<hr style=\"width: 100%; height: 1px; color: #004b93; background-color: #004b93; border: solid #a5c524 0px;\" \/>\n<h2>Photogallery<\/h2>\n\r\n            <style type='text\/css'>\r\n                #gallery-3 {\r\n                    margin: auto;\r\n                }\r\n                #gallery-3 .gallery-item {\r\n                    float: left;\r\n                    margin-top: 10px;\r\n                    text-align: center;\r\n                    width: 33%;\r\n                }\r\n                #gallery-3 img {\r\n                    border: 2px solid #cfcfcf;\r\n                }\r\n                #gallery-3 .gallery-caption {\r\n                    margin-left: 0;\r\n                }\r\n                \r\n                \r\n                \r\n                \/* see gallery_shortcode() in wp-includes\/media.php *\/\r\n            <\/style>\n\t\t<div id='gallery-3' class='gallery galleryid-51 gallery-columns-3 gallery-size-medium'><dl class='gallery-item'>\r\n                <dt class='gallery-icon landscape'>\r\n                    <a data-rel=\"prettyPhoto[gallery]\" href='https:\/\/www.lommerstuinbouwmachines.com\/wp-content\/uploads\/2017\/01\/WB1201.jpg'><img loading=\"lazy\" decoding=\"async\" width=\"300\" height=\"225\" src=\"https:\/\/www.lommerstuinbouwmachines.com\/wp-content\/uploads\/2017\/01\/WB1201-300x225.jpg\" class=\"attachment-medium size-medium\" alt=\"\" srcset=\"https:\/\/www.lommerstuinbouwmachines.com\/wp-content\/uploads\/2017\/01\/WB1201-300x225.jpg 300w, https:\/\/www.lommerstuinbouwmachines.com\/wp-content\/uploads\/2017\/01\/WB1201-1024x768.jpg 1024w, https:\/\/www.lommerstuinbouwmachines.com\/wp-content\/uploads\/2017\/01\/WB1201.jpg 1728w\" sizes=\"auto, (max-width: 300px) 100vw, 300px\" \/><\/a>\r\n                <\/dt><\/dl><dl class='gallery-item'>\r\n                <dt class='gallery-icon landscape'>\r\n                    <a data-rel=\"prettyPhoto[gallery]\" href='https:\/\/www.lommerstuinbouwmachines.com\/wp-content\/uploads\/2017\/01\/WB1202.jpg'><img loading=\"lazy\" decoding=\"async\" width=\"300\" height=\"225\" src=\"https:\/\/www.lommerstuinbouwmachines.com\/wp-content\/uploads\/2017\/01\/WB1202-300x225.jpg\" class=\"attachment-medium size-medium\" alt=\"\" srcset=\"https:\/\/www.lommerstuinbouwmachines.com\/wp-content\/uploads\/2017\/01\/WB1202-300x225.jpg 300w, https:\/\/www.lommerstuinbouwmachines.com\/wp-content\/uploads\/2017\/01\/WB1202.jpg 445w\" sizes=\"auto, (max-width: 300px) 100vw, 300px\" \/><\/a>\r\n                <\/dt><\/dl><dl class='gallery-item'>\r\n                <dt class='gallery-icon landscape'>\r\n                    <a data-rel=\"prettyPhoto[gallery]\" href='https:\/\/www.lommerstuinbouwmachines.com\/wp-content\/uploads\/2017\/01\/WB1203.jpg'><img loading=\"lazy\" decoding=\"async\" width=\"300\" height=\"225\" src=\"https:\/\/www.lommerstuinbouwmachines.com\/wp-content\/uploads\/2017\/01\/WB1203-300x225.jpg\" class=\"attachment-medium size-medium\" alt=\"\" srcset=\"https:\/\/www.lommerstuinbouwmachines.com\/wp-content\/uploads\/2017\/01\/WB1203-300x225.jpg 300w, https:\/\/www.lommerstuinbouwmachines.com\/wp-content\/uploads\/2017\/01\/WB1203.jpg 334w\" sizes=\"auto, (max-width: 300px) 100vw, 300px\" \/><\/a>\r\n                <\/dt><\/dl><br style=\"clear: both\" \/><dl class='gallery-item'>\r\n                <dt class='gallery-icon landscape'>\r\n                    <a data-rel=\"prettyPhoto[gallery]\" href='https:\/\/www.lommerstuinbouwmachines.com\/wp-content\/uploads\/2017\/01\/WB1204.jpg'><img loading=\"lazy\" decoding=\"async\" width=\"300\" height=\"225\" src=\"https:\/\/www.lommerstuinbouwmachines.com\/wp-content\/uploads\/2017\/01\/WB1204-300x225.jpg\" class=\"attachment-medium size-medium\" alt=\"\" srcset=\"https:\/\/www.lommerstuinbouwmachines.com\/wp-content\/uploads\/2017\/01\/WB1204-300x225.jpg 300w, https:\/\/www.lommerstuinbouwmachines.com\/wp-content\/uploads\/2017\/01\/WB1204-1024x768.jpg 1024w\" sizes=\"auto, (max-width: 300px) 100vw, 300px\" \/><\/a>\r\n                <\/dt><\/dl><dl class='gallery-item'>\r\n                <dt class='gallery-icon landscape'>\r\n                    <a data-rel=\"prettyPhoto[gallery]\" href='https:\/\/www.lommerstuinbouwmachines.com\/wp-content\/uploads\/2017\/01\/WB1205.jpg'><img loading=\"lazy\" decoding=\"async\" width=\"300\" height=\"225\" src=\"https:\/\/www.lommerstuinbouwmachines.com\/wp-content\/uploads\/2017\/01\/WB1205-300x225.jpg\" class=\"attachment-medium size-medium\" alt=\"\" srcset=\"https:\/\/www.lommerstuinbouwmachines.com\/wp-content\/uploads\/2017\/01\/WB1205-300x225.jpg 300w, https:\/\/www.lommerstuinbouwmachines.com\/wp-content\/uploads\/2017\/01\/WB1205.jpg 640w\" sizes=\"auto, (max-width: 300px) 100vw, 300px\" \/><\/a>\r\n                <\/dt><\/dl>\r\n                <br style='clear: both' \/><\/div>\n\n<hr style=\"width: 100%; height: 1px; color: #004b93; background-color: #004b93; border: solid #a5c524 0px;\" \/>\n<h2>Video<\/h2>\n<div  class=\"ut-one-third  \"><div class=\"epyt-video-wrapper\"><iframe loading=\"lazy\"  id=\"_ytid_56313\"  width=\"1170\" height=\"658\"  data-origwidth=\"1170\" data-origheight=\"658\" src=\"https:\/\/www.youtube.com\/embed\/Nd7jo_TvD3c?enablejsapi=1&autoplay=0&cc_load_policy=0&cc_lang_pref=&iv_load_policy=1&loop=0&rel=0&fs=1&playsinline=0&autohide=2&theme=dark&color=red&controls=1&\" class=\"__youtube_prefs__  no-lazyload\" data-vol=\"0\"  title=\"YouTube player\"  allow=\"fullscreen; accelerometer; autoplay; clipboard-write; encrypted-media; gyroscope; picture-in-picture\" allowfullscreen data-no-lazy=\"1\" data-skipgform_ajax_framebjll=\"\"><\/iframe><\/div><\/div>\n<div  class=\"ut-one-third  \"><\/div>\n<div  class=\"ut-one-third ut-column-last  \">\u00a0<\/div><div class=\"clear\"><\/div>\n<p>&nbsp;<\/p>","protected":false},"excerpt":{"rendered":"<p>Netting Machine\u00a0 \u00a0 \u00a0\u00a0\u00a0\u00a0 The netting machine is suitable for netting clods.\u00a0This machine is hydraulically or electrical powered.\u00a0The baskets are available in size \u00d820, \u00d825, \u00d830, \u00d835, \u00d840, \u00d845. Photogallery Video &nbsp;<\/p>\n","protected":false},"author":1,"featured_media":0,"parent":0,"menu_order":15,"comment_status":"closed","ping_status":"closed","template":"","meta":{"footnotes":""},"class_list":["post-51","page","type-page","status-publish","hentry"],"yoast_head":"<!-- This site is optimized with the Yoast SEO plugin v26.1.1 - https:\/\/yoast.com\/wordpress\/plugins\/seo\/ -->\n<title>Ingaasmachine<\/title>\n<meta name=\"description\" content=\"Bekijk onze Ingaasmachine, netting machine, balliermaschine. Deze is geschikt voor het ingazen van kluiten, netting clods, das netzen von die Wurzeln der Pflanzen.\" \/>\n<meta name=\"robots\" content=\"index, follow, max-snippet:-1, max-image-preview:large, max-video-preview:-1\" \/>\n<link rel=\"canonical\" href=\"https:\/\/www.lommerstuinbouwmachines.com\/nl\/ingaasmachines\/\" \/>\n<meta property=\"og:locale\" content=\"en_US\" \/>\n<meta property=\"og:type\" content=\"article\" \/>\n<meta property=\"og:title\" content=\"Ingaasmachine\" \/>\n<meta property=\"og:description\" content=\"Bekijk onze Ingaasmachine, netting machine, balliermaschine. Deze is geschikt voor het ingazen van kluiten, netting clods, das netzen von die Wurzeln der Pflanzen.\" \/>\n<meta property=\"og:url\" content=\"https:\/\/www.lommerstuinbouwmachines.com\/nl\/ingaasmachines\/\" \/>\n<meta property=\"og:site_name\" content=\"Lommers Tuinbouwmachines BV\" \/>\n<meta property=\"article:modified_time\" content=\"2017-01-31T13:44:36+00:00\" \/>\n<meta property=\"og:image\" content=\"https:\/\/www.lommerstuinbouwmachines.com\/wp-content\/uploads\/2017\/01\/WB1201-300x225.jpg\" \/>\n<meta name=\"twitter:label1\" content=\"Est. reading time\" \/>\n\t<meta name=\"twitter:data1\" content=\"1 minute\" \/>\n<script type=\"application\/ld+json\" class=\"yoast-schema-graph\">{\"@context\":\"https:\/\/schema.org\",\"@graph\":[{\"@type\":\"WebPage\",\"@id\":\"https:\/\/www.lommerstuinbouwmachines.com\/nl\/ingaasmachines\/\",\"url\":\"https:\/\/www.lommerstuinbouwmachines.com\/nl\/ingaasmachines\/\",\"name\":\"Ingaasmachine\",\"isPartOf\":{\"@id\":\"https:\/\/www.lommerstuinbouwmachines.com\/nl\/#website\"},\"primaryImageOfPage\":{\"@id\":\"https:\/\/www.lommerstuinbouwmachines.com\/nl\/ingaasmachines\/#primaryimage\"},\"image\":{\"@id\":\"https:\/\/www.lommerstuinbouwmachines.com\/nl\/ingaasmachines\/#primaryimage\"},\"thumbnailUrl\":\"https:\/\/www.lommerstuinbouwmachines.com\/wp-content\/plugins\/qtranslate-x\/flags\/gb.png\",\"datePublished\":\"2014-07-14T18:19:12+00:00\",\"dateModified\":\"2017-01-31T13:44:36+00:00\",\"description\":\"Bekijk onze Ingaasmachine, netting machine, balliermaschine. Deze is geschikt voor het ingazen van kluiten, netting clods, das netzen von die Wurzeln der Pflanzen.\",\"breadcrumb\":{\"@id\":\"https:\/\/www.lommerstuinbouwmachines.com\/nl\/ingaasmachines\/#breadcrumb\"},\"inLanguage\":\"en-US\",\"potentialAction\":[{\"@type\":\"ReadAction\",\"target\":[\"https:\/\/www.lommerstuinbouwmachines.com\/nl\/ingaasmachines\/\"]}]},{\"@type\":\"ImageObject\",\"inLanguage\":\"en-US\",\"@id\":\"https:\/\/www.lommerstuinbouwmachines.com\/nl\/ingaasmachines\/#primaryimage\",\"url\":\"https:\/\/www.lommerstuinbouwmachines.com\/wp-content\/plugins\/qtranslate-x\/flags\/gb.png\",\"contentUrl\":\"https:\/\/www.lommerstuinbouwmachines.com\/wp-content\/plugins\/qtranslate-x\/flags\/gb.png\"},{\"@type\":\"BreadcrumbList\",\"@id\":\"https:\/\/www.lommerstuinbouwmachines.com\/nl\/ingaasmachines\/#breadcrumb\",\"itemListElement\":[{\"@type\":\"ListItem\",\"position\":1,\"name\":\"Home\",\"item\":\"https:\/\/www.lommerstuinbouwmachines.com\/\"},{\"@type\":\"ListItem\",\"position\":2,\"name\":\"Ingaasmachine\"}]},{\"@type\":\"WebSite\",\"@id\":\"https:\/\/www.lommerstuinbouwmachines.com\/nl\/#website\",\"url\":\"https:\/\/www.lommerstuinbouwmachines.com\/nl\/\",\"name\":\"Lommers Tuinbouwmachines BV\",\"description\":\"\",\"potentialAction\":[{\"@type\":\"SearchAction\",\"target\":{\"@type\":\"EntryPoint\",\"urlTemplate\":\"https:\/\/www.lommerstuinbouwmachines.com\/nl\/?s={search_term_string}\"},\"query-input\":{\"@type\":\"PropertyValueSpecification\",\"valueRequired\":true,\"valueName\":\"search_term_string\"}}],\"inLanguage\":\"en-US\"}]}<\/script>\n<!-- \/ Yoast SEO plugin. -->","yoast_head_json":{"title":"Ingaasmachine","description":"Bekijk onze Ingaasmachine, netting machine, balliermaschine. Deze is geschikt voor het ingazen van kluiten, netting clods, das netzen von die Wurzeln der Pflanzen.","robots":{"index":"index","follow":"follow","max-snippet":"max-snippet:-1","max-image-preview":"max-image-preview:large","max-video-preview":"max-video-preview:-1"},"canonical":"https:\/\/www.lommerstuinbouwmachines.com\/nl\/ingaasmachines\/","og_locale":"en_US","og_type":"article","og_title":"Ingaasmachine","og_description":"Bekijk onze Ingaasmachine, netting machine, balliermaschine. Deze is geschikt voor het ingazen van kluiten, netting clods, das netzen von die Wurzeln der Pflanzen.","og_url":"https:\/\/www.lommerstuinbouwmachines.com\/nl\/ingaasmachines\/","og_site_name":"Lommers Tuinbouwmachines BV","article_modified_time":"2017-01-31T13:44:36+00:00","og_image":[{"url":"https:\/\/www.lommerstuinbouwmachines.com\/wp-content\/uploads\/2017\/01\/WB1201-300x225.jpg","type":"","width":"","height":""}],"twitter_misc":{"Est. reading time":"1 minute"},"schema":{"@context":"https:\/\/schema.org","@graph":[{"@type":"WebPage","@id":"https:\/\/www.lommerstuinbouwmachines.com\/nl\/ingaasmachines\/","url":"https:\/\/www.lommerstuinbouwmachines.com\/nl\/ingaasmachines\/","name":"Ingaasmachine","isPartOf":{"@id":"https:\/\/www.lommerstuinbouwmachines.com\/nl\/#website"},"primaryImageOfPage":{"@id":"https:\/\/www.lommerstuinbouwmachines.com\/nl\/ingaasmachines\/#primaryimage"},"image":{"@id":"https:\/\/www.lommerstuinbouwmachines.com\/nl\/ingaasmachines\/#primaryimage"},"thumbnailUrl":"https:\/\/www.lommerstuinbouwmachines.com\/wp-content\/plugins\/qtranslate-x\/flags\/gb.png","datePublished":"2014-07-14T18:19:12+00:00","dateModified":"2017-01-31T13:44:36+00:00","description":"Bekijk onze Ingaasmachine, netting machine, balliermaschine. Deze is geschikt voor het ingazen van kluiten, netting clods, das netzen von die Wurzeln der Pflanzen.","breadcrumb":{"@id":"https:\/\/www.lommerstuinbouwmachines.com\/nl\/ingaasmachines\/#breadcrumb"},"inLanguage":"en-US","potentialAction":[{"@type":"ReadAction","target":["https:\/\/www.lommerstuinbouwmachines.com\/nl\/ingaasmachines\/"]}]},{"@type":"ImageObject","inLanguage":"en-US","@id":"https:\/\/www.lommerstuinbouwmachines.com\/nl\/ingaasmachines\/#primaryimage","url":"https:\/\/www.lommerstuinbouwmachines.com\/wp-content\/plugins\/qtranslate-x\/flags\/gb.png","contentUrl":"https:\/\/www.lommerstuinbouwmachines.com\/wp-content\/plugins\/qtranslate-x\/flags\/gb.png"},{"@type":"BreadcrumbList","@id":"https:\/\/www.lommerstuinbouwmachines.com\/nl\/ingaasmachines\/#breadcrumb","itemListElement":[{"@type":"ListItem","position":1,"name":"Home","item":"https:\/\/www.lommerstuinbouwmachines.com\/"},{"@type":"ListItem","position":2,"name":"Ingaasmachine"}]},{"@type":"WebSite","@id":"https:\/\/www.lommerstuinbouwmachines.com\/nl\/#website","url":"https:\/\/www.lommerstuinbouwmachines.com\/nl\/","name":"Lommers Tuinbouwmachines BV","description":"","potentialAction":[{"@type":"SearchAction","target":{"@type":"EntryPoint","urlTemplate":"https:\/\/www.lommerstuinbouwmachines.com\/nl\/?s={search_term_string}"},"query-input":{"@type":"PropertyValueSpecification","valueRequired":true,"valueName":"search_term_string"}}],"inLanguage":"en-US"}]}},"_links":{"self":[{"href":"https:\/\/www.lommerstuinbouwmachines.com\/en\/wp-json\/wp\/v2\/pages\/51","targetHints":{"allow":["GET"]}}],"collection":[{"href":"https:\/\/www.lommerstuinbouwmachines.com\/en\/wp-json\/wp\/v2\/pages"}],"about":[{"href":"https:\/\/www.lommerstuinbouwmachines.com\/en\/wp-json\/wp\/v2\/types\/page"}],"author":[{"embeddable":true,"href":"https:\/\/www.lommerstuinbouwmachines.com\/en\/wp-json\/wp\/v2\/users\/1"}],"replies":[{"embeddable":true,"href":"https:\/\/www.lommerstuinbouwmachines.com\/en\/wp-json\/wp\/v2\/comments?post=51"}],"version-history":[{"count":58,"href":"https:\/\/www.lommerstuinbouwmachines.com\/en\/wp-json\/wp\/v2\/pages\/51\/revisions"}],"predecessor-version":[{"id":6244,"href":"https:\/\/www.lommerstuinbouwmachines.com\/en\/wp-json\/wp\/v2\/pages\/51\/revisions\/6244"}],"wp:attachment":[{"href":"https:\/\/www.lommerstuinbouwmachines.com\/en\/wp-json\/wp\/v2\/media?parent=51"}],"curies":[{"name":"wp","href":"https:\/\/api.w.org\/{rel}","templated":true}]}}